{"id":798,"date":"2025-02-22T16:56:30","date_gmt":"2025-02-22T19:56:30","guid":{"rendered":"https:\/\/artiksolution.com.br\/?page_id=798"},"modified":"2025-02-22T16:57:48","modified_gmt":"2025-02-22T19:57:48","slug":"linha-carin-comercial","status":"publish","type":"page","link":"https:\/\/artiksolution.com.br\/index.php\/linha-carin-comercial\/","title":{"rendered":"Linha Carin Comercial"},"content":{"rendered":"\t\t<div data-elementor-type=\"wp-page\" data-elementor-id=\"798\" class=\"elementor elementor-798\" data-elementor-post-type=\"page\">\n\t\t\t\t<div class=\"elementor-element elementor-element-7c5002a e-flex e-con-boxed e-con e-parent\" data-id=\"7c5002a\" data-element_type=\"container\" data-settings=\"{&quot;background_background&quot;:&quot;classic&quot;}\">\n\t\t\t\t\t<div class=\"e-con-inner\">\n\t\t\t\t<div class=\"elementor-element elementor-element-909999a elementor-widget-divider--view-line elementor-widget elementor-widget-divider\" data-id=\"909999a\" data-element_type=\"widget\" data-widget_type=\"divider.default\">\n\t\t\t\t<div class=\"elementor-widget-container\">\n\t\t\t\t\t\t\t<div class=\"elementor-divider\">\n\t\t\t<span class=\"elementor-divider-separator\">\n\t\t\t\t\t\t<\/span>\n\t\t<\/div>\n\t\t\t\t\t\t<\/div>\n\t\t\t\t<\/div>\n\t\t\t\t<div class=\"elementor-element elementor-element-0e9e094 elementor-widget elementor-widget-text-editor\" data-id=\"0e9e094\" data-element_type=\"widget\" data-widget_type=\"text-editor.default\">\n\t\t\t\t<div class=\"elementor-widget-container\">\n\t\t\t\t\t\t\t\t\t<p>Nossa linha Comercial, com design moderno, ideal para ultracongelamento (-40 graus Celsius) e resfriamento r\u00e1pido de alimentos.<br \/>Linha desenvolvida dentro dos padr\u00f5es internacionais, garantindo seguran\u00e7a alimentar e tamb\u00e9m utilizado para o processo de regenera\u00e7\u00e3o dos alimentos.<\/p>\t\t\t\t\t\t\t\t<\/div>\n\t\t\t\t<\/div>\n\t\t\t\t\t<\/div>\n\t\t\t\t<\/div>\n\t\t<div class=\"elementor-element elementor-element-97e2b77 e-flex e-con-boxed e-con e-parent\" data-id=\"97e2b77\" data-element_type=\"container\">\n\t\t\t\t\t<div class=\"e-con-inner\">\n\t\t\t\t<div class=\"elementor-element elementor-element-6e5be15 elementor-grid-1 elementor-grid-tablet-2 elementor-grid-mobile-1 elementor-widget elementor-widget-loop-grid\" data-id=\"6e5be15\" data-element_type=\"widget\" data-settings=\"{&quot;template_id&quot;:&quot;427&quot;,&quot;columns&quot;:1,&quot;_skin&quot;:&quot;post&quot;,&quot;columns_tablet&quot;:&quot;2&quot;,&quot;columns_mobile&quot;:&quot;1&quot;,&quot;edit_handle_selector&quot;:&quot;[data-elementor-type=\\&quot;loop-item\\&quot;]&quot;,&quot;row_gap&quot;:{&quot;unit&quot;:&quot;px&quot;,&quot;size&quot;:&quot;&quot;,&quot;sizes&quot;:[]},&quot;row_gap_tablet&quot;:{&quot;unit&quot;:&quot;px&quot;,&quot;size&quot;:&quot;&quot;,&quot;sizes&quot;:[]},&quot;row_gap_mobile&quot;:{&quot;unit&quot;:&quot;px&quot;,&quot;size&quot;:&quot;&quot;,&quot;sizes&quot;:[]}}\" data-widget_type=\"loop-grid.post\">\n\t\t\t\t<div class=\"elementor-widget-container\">\n\t\t\t\t\t\t\t<div class=\"elementor-loop-container elementor-grid\">\n\t\t<style id=\"loop-427\">.elementor-427 .elementor-element.elementor-element-870ea11{--display:flex;}.elementor-widget-heading .elementor-heading-title{font-family:var( --e-global-typography-primary-font-family ), Sans-serif;font-weight:var( --e-global-typography-primary-font-weight );color:var( --e-global-color-primary );}.elementor-427 .elementor-element.elementor-element-193d960 .elementor-heading-title{color:var( --e-global-color-accent );}.elementor-427 .elementor-element.elementor-element-59cc16f{--display:flex;--flex-direction:row;--container-widget-width:calc( ( 1 - var( --container-widget-flex-grow ) ) * 100% );--container-widget-height:100%;--container-widget-flex-grow:1;--container-widget-align-self:stretch;--flex-wrap-mobile:wrap;--align-items:center;}.elementor-widget-image .widget-image-caption{color:var( --e-global-color-text );font-family:var( --e-global-typography-text-font-family ), Sans-serif;font-weight:var( --e-global-typography-text-font-weight );}.elementor-427 .elementor-element.elementor-element-dad60ca{--display:flex;--flex-direction:row;--container-widget-width:initial;--container-widget-height:100%;--container-widget-flex-grow:1;--container-widget-align-self:stretch;--flex-wrap-mobile:wrap;}.elementor-427 .elementor-element.elementor-element-10a567a{--display:flex;}.elementor-427 .elementor-element.elementor-element-18267e9 .elementor-heading-title{font-family:\"Roboto\", Sans-serif;font-size:22px;font-weight:600;color:var( --e-global-color-text );}.elementor-widget-text-editor{font-family:var( --e-global-typography-text-font-family ), Sans-serif;font-weight:var( --e-global-typography-text-font-weight );color:var( --e-global-color-text );}.elementor-widget-text-editor.elementor-drop-cap-view-stacked .elementor-drop-cap{background-color:var( --e-global-color-primary );}.elementor-widget-text-editor.elementor-drop-cap-view-framed .elementor-drop-cap, .elementor-widget-text-editor.elementor-drop-cap-view-default .elementor-drop-cap{color:var( --e-global-color-primary );border-color:var( --e-global-color-primary );}.elementor-427 .elementor-element.elementor-element-28e591c{font-family:\"Roboto\", Sans-serif;font-weight:400;text-transform:uppercase;color:var( --e-global-color-primary );}.elementor-427 .elementor-element.elementor-element-6c1c8d3{--display:flex;}.elementor-427 .elementor-element.elementor-element-4541a25 .elementor-heading-title{font-family:\"Roboto\", Sans-serif;font-size:22px;font-weight:600;color:var( --e-global-color-text );}.elementor-427 .elementor-element.elementor-element-bb4a5ae{font-family:\"Roboto\", Sans-serif;font-weight:400;text-transform:uppercase;color:var( --e-global-color-primary );}.elementor-widget-divider{--divider-color:var( --e-global-color-secondary );}.elementor-widget-divider .elementor-divider__text{color:var( --e-global-color-secondary );font-family:var( --e-global-typography-secondary-font-family ), Sans-serif;font-weight:var( --e-global-typography-secondary-font-weight );}.elementor-widget-divider.elementor-view-stacked .elementor-icon{background-color:var( --e-global-color-secondary );}.elementor-widget-divider.elementor-view-framed .elementor-icon, .elementor-widget-divider.elementor-view-default .elementor-icon{color:var( --e-global-color-secondary );border-color:var( --e-global-color-secondary );}.elementor-widget-divider.elementor-view-framed .elementor-icon, .elementor-widget-divider.elementor-view-default .elementor-icon svg{fill:var( --e-global-color-secondary );}.elementor-427 .elementor-element.elementor-element-405f8d0{--divider-border-style:solid;--divider-color:#000;--divider-border-width:1px;}.elementor-427 .elementor-element.elementor-element-405f8d0 .elementor-divider-separator{width:100%;}.elementor-427 .elementor-element.elementor-element-405f8d0 .elementor-divider{padding-block-start:0px;padding-block-end:0px;}@media(min-width:768px){.elementor-427 .elementor-element.elementor-element-10a567a{--width:60%;}.elementor-427 .elementor-element.elementor-element-6c1c8d3{--width:40%;}}@media(max-width:767px){.elementor-427 .elementor-element.elementor-element-59cc16f{--padding-top:0px;--padding-bottom:0px;--padding-left:0px;--padding-right:0px;}.elementor-427 .elementor-element.elementor-element-dad60ca{--padding-top:0px;--padding-bottom:0px;--padding-left:0px;--padding-right:0px;}}\/* Start custom CSS for container, class: .elementor-element-870ea11 *\/.elementor-loop-container .produto:last-child .divisor {\n    display: none;\n}\/* End custom CSS *\/<\/style>\t\t<div data-elementor-type=\"loop-item\" data-elementor-id=\"427\" class=\"elementor elementor-427 e-loop-item e-loop-item-812 post-812 produto type-produto status-publish hentry category-linha-carin-comercial\" data-elementor-post-type=\"elementor_library\" data-custom-edit-handle=\"1\">\n\t\t\t<div class=\"elementor-element elementor-element-870ea11 e-con-full e-flex e-con e-parent\" data-id=\"870ea11\" data-element_type=\"container\">\n\t\t\t\t<div class=\"elementor-element elementor-element-193d960 elementor-widget elementor-widget-heading\" data-id=\"193d960\" data-element_type=\"widget\" data-widget_type=\"heading.default\">\n\t\t\t\t<div class=\"elementor-widget-container\">\n\t\t\t\t\t<h2 class=\"elementor-heading-title elementor-size-default\">LINHA COMERCIAL<\/h2>\t\t\t\t<\/div>\n\t\t\t\t<\/div>\n\t\t<div class=\"elementor-element elementor-element-59cc16f e-con-full e-flex e-con e-child\" data-id=\"59cc16f\" data-element_type=\"container\">\n\t\t\t\t<div class=\"elementor-element elementor-element-268ce68 elementor-widget elementor-widget-image\" data-id=\"268ce68\" data-element_type=\"widget\" data-widget_type=\"image.default\">\n\t\t\t\t<div class=\"elementor-widget-container\">\n\t\t\t\t\t\t\t\t\t\t\t\t\t\t\t<img fetchpriority=\"high\" decoding=\"async\" width=\"800\" height=\"602\" src=\"https:\/\/artiksolution.com.br\/wp-content\/uploads\/2025\/02\/LINHA-COMERCIAL-ULTRA-1024x771.png\" class=\"attachment-large size-large wp-image-813\" alt=\"\" srcset=\"https:\/\/artiksolution.com.br\/wp-content\/uploads\/2025\/02\/LINHA-COMERCIAL-ULTRA-1024x771.png 1024w, https:\/\/artiksolution.com.br\/wp-content\/uploads\/2025\/02\/LINHA-COMERCIAL-ULTRA-300x226.png 300w, https:\/\/artiksolution.com.br\/wp-content\/uploads\/2025\/02\/LINHA-COMERCIAL-ULTRA-768x578.png 768w, https:\/\/artiksolution.com.br\/wp-content\/uploads\/2025\/02\/LINHA-COMERCIAL-ULTRA-1536x1157.png 1536w, https:\/\/artiksolution.com.br\/wp-content\/uploads\/2025\/02\/LINHA-COMERCIAL-ULTRA.png 1600w\" sizes=\"(max-width: 800px) 100vw, 800px\" \/>\t\t\t\t\t\t\t\t\t\t\t\t\t\t\t<\/div>\n\t\t\t\t<\/div>\n\t\t\t\t<div class=\"elementor-element elementor-element-6cb8387 elementor-widget elementor-widget-image\" data-id=\"6cb8387\" data-element_type=\"widget\" data-widget_type=\"image.default\">\n\t\t\t\t<div class=\"elementor-widget-container\">\n\t\t\t\t\t\t\t\t\t\t\t\t\t\t\t<img decoding=\"async\" width=\"800\" height=\"166\" src=\"https:\/\/artiksolution.com.br\/wp-content\/uploads\/2025\/02\/Linha-comercial-Carin-1024x212.png\" class=\"attachment-large size-large wp-image-814\" alt=\"\" srcset=\"https:\/\/artiksolution.com.br\/wp-content\/uploads\/2025\/02\/Linha-comercial-Carin-1024x212.png 1024w, https:\/\/artiksolution.com.br\/wp-content\/uploads\/2025\/02\/Linha-comercial-Carin-300x62.png 300w, https:\/\/artiksolution.com.br\/wp-content\/uploads\/2025\/02\/Linha-comercial-Carin-768x159.png 768w, https:\/\/artiksolution.com.br\/wp-content\/uploads\/2025\/02\/Linha-comercial-Carin.png 1077w\" sizes=\"(max-width: 800px) 100vw, 800px\" \/>\t\t\t\t\t\t\t\t\t\t\t\t\t\t\t<\/div>\n\t\t\t\t<\/div>\n\t\t\t\t<\/div>\n\t\t<div class=\"elementor-element elementor-element-dad60ca e-flex e-con-boxed e-con e-child\" data-id=\"dad60ca\" data-element_type=\"container\" data-settings=\"{&quot;background_background&quot;:&quot;classic&quot;}\">\n\t\t\t\t\t<div class=\"e-con-inner\">\n\t\t<div class=\"elementor-element elementor-element-10a567a e-con-full e-flex e-con e-child\" data-id=\"10a567a\" data-element_type=\"container\">\n\t\t\t\t<div class=\"elementor-element elementor-element-18267e9 elementor-widget elementor-widget-heading\" data-id=\"18267e9\" data-element_type=\"widget\" data-widget_type=\"heading.default\">\n\t\t\t\t<div class=\"elementor-widget-container\">\n\t\t\t\t\t<h2 class=\"elementor-heading-title elementor-size-default\">Descri\u00e7\u00e3o do Produto<\/h2>\t\t\t\t<\/div>\n\t\t\t\t<\/div>\n\t\t\t\t<div class=\"elementor-element elementor-element-28e591c elementor-widget elementor-widget-text-editor\" data-id=\"28e591c\" data-element_type=\"widget\" data-widget_type=\"text-editor.default\">\n\t\t\t\t<div class=\"elementor-widget-container\">\n\t\t\t\t\t\t\t\t\t<p>\u2022 Constru\u00e7\u00e3o em a\u00e7o inoxid\u00e1vel<br \/>\n\u2022 Rodizios<br \/>\n\u2022 Ultracongelamento r\u00e1pido por tempo<br \/>\n\u2022 Ultracongelamento r\u00e1pido por temperatura<br \/>\n\u2022 Resfriamento r\u00e1pido por tempo e por temperatura<br \/>\n\u2022 Possui sonda espeto<\/p>\n\t\t\t\t\t\t\t\t<\/div>\n\t\t\t\t<\/div>\n\t\t\t\t<\/div>\n\t\t\t\t\t<\/div>\n\t\t\t\t<\/div>\n\t\t\t\t<div class=\"elementor-element elementor-element-405f8d0 divisor elementor-widget-divider--view-line elementor-widget elementor-widget-divider\" data-id=\"405f8d0\" data-element_type=\"widget\" data-widget_type=\"divider.default\">\n\t\t\t\t<div class=\"elementor-widget-container\">\n\t\t\t\t\t\t\t<div class=\"elementor-divider\">\n\t\t\t<span class=\"elementor-divider-separator\">\n\t\t\t\t\t\t<\/span>\n\t\t<\/div>\n\t\t\t\t\t\t<\/div>\n\t\t\t\t<\/div>\n\t\t\t\t<\/div>\n\t\t\t\t<\/div>\n\t\t\t\t<\/div>\n\t\t\n\t\t\t\t\t\t<\/div>\n\t\t\t\t<\/div>\n\t\t\t\t\t<\/div>\n\t\t\t\t<\/div>\n\t\t\t\t<\/div>\n\t\t","protected":false},"excerpt":{"rendered":"<p>Nossa linha Comercial, com design moderno, ideal para ultracongelamento (-40 graus Celsius) e resfriamento r\u00e1pido de alimentos.Linha desenvolvida dentro dos padr\u00f5es internacionais, garantindo seguran\u00e7a alimentar e tamb\u00e9m utilizado para o processo de regenera\u00e7\u00e3o dos alimentos.<\/p>\n","protected":false},"author":1,"featured_media":0,"parent":0,"menu_order":0,"comment_status":"closed","ping_status":"closed","template":"elementor_theme","meta":{"_acf_changed":false,"footnotes":""},"class_list":["post-798","page","type-page","status-publish","hentry"],"acf":[],"_links":{"self":[{"href":"https:\/\/artiksolution.com.br\/index.php\/wp-json\/wp\/v2\/pages\/798","targetHints":{"allow":["GET"]}}],"collection":[{"href":"https:\/\/artiksolution.com.br\/index.php\/wp-json\/wp\/v2\/pages"}],"about":[{"href":"https:\/\/artiksolution.com.br\/index.php\/wp-json\/wp\/v2\/types\/page"}],"author":[{"embeddable":true,"href":"https:\/\/artiksolution.com.br\/index.php\/wp-json\/wp\/v2\/users\/1"}],"replies":[{"embeddable":true,"href":"https:\/\/artiksolution.com.br\/index.php\/wp-json\/wp\/v2\/comments?post=798"}],"version-history":[{"count":4,"href":"https:\/\/artiksolution.com.br\/index.php\/wp-json\/wp\/v2\/pages\/798\/revisions"}],"predecessor-version":[{"id":806,"href":"https:\/\/artiksolution.com.br\/index.php\/wp-json\/wp\/v2\/pages\/798\/revisions\/806"}],"wp:attachment":[{"href":"https:\/\/artiksolution.com.br\/index.php\/wp-json\/wp\/v2\/media?parent=798"}],"curies":[{"name":"wp","href":"https:\/\/api.w.org\/{rel}","templated":true}]}}