{"id":56,"date":"2024-06-16T18:28:57","date_gmt":"2024-06-16T21:28:57","guid":{"rendered":"https:\/\/artiksolution.com.br\/?page_id=56"},"modified":"2025-04-03T12:41:46","modified_gmt":"2025-04-03T15:41:46","slug":"blog","status":"publish","type":"page","link":"https:\/\/artiksolution.com.br\/index.php\/blog\/","title":{"rendered":"Blog"},"content":{"rendered":"\t\t<div data-elementor-type=\"wp-page\" data-elementor-id=\"56\" class=\"elementor elementor-56\" data-elementor-post-type=\"page\">\n\t\t\t\t<div class=\"elementor-element elementor-element-a745faa e-flex e-con-boxed e-con e-parent\" data-id=\"a745faa\" data-element_type=\"container\">\n\t\t\t\t\t<div class=\"e-con-inner\">\n\t\t\t\t\t<\/div>\n\t\t\t\t<\/div>\n\t\t<div class=\"elementor-element elementor-element-5c5e5e2 e-flex e-con-boxed e-con e-parent\" data-id=\"5c5e5e2\" data-element_type=\"container\">\n\t\t\t\t\t<div class=\"e-con-inner\">\n\t\t\t\t<div class=\"elementor-element elementor-element-e3074b2 elementor-grid-3 elementor-grid-tablet-2 elementor-grid-mobile-1 elementor-widget elementor-widget-loop-grid\" data-id=\"e3074b2\" data-element_type=\"widget\" data-settings=\"{&quot;template_id&quot;:932,&quot;_skin&quot;:&quot;post&quot;,&quot;columns&quot;:&quot;3&quot;,&quot;columns_tablet&quot;:&quot;2&quot;,&quot;columns_mobile&quot;:&quot;1&quot;,&quot;edit_handle_selector&quot;:&quot;[data-elementor-type=\\&quot;loop-item\\&quot;]&quot;,&quot;row_gap&quot;:{&quot;unit&quot;:&quot;px&quot;,&quot;size&quot;:&quot;&quot;,&quot;sizes&quot;:[]},&quot;row_gap_tablet&quot;:{&quot;unit&quot;:&quot;px&quot;,&quot;size&quot;:&quot;&quot;,&quot;sizes&quot;:[]},&quot;row_gap_mobile&quot;:{&quot;unit&quot;:&quot;px&quot;,&quot;size&quot;:&quot;&quot;,&quot;sizes&quot;:[]}}\" data-widget_type=\"loop-grid.post\">\n\t\t\t\t<div class=\"elementor-widget-container\">\n\t\t\t\t\t\t\t<div class=\"elementor-loop-container elementor-grid\">\n\t\t<style id=\"loop-932\">.elementor-932 .elementor-element.elementor-element-03a7559{--display:flex;}.elementor-widget-theme-post-featured-image .widget-image-caption{color:var( --e-global-color-text );font-family:var( --e-global-typography-text-font-family ), Sans-serif;font-weight:var( --e-global-typography-text-font-weight );}.elementor-widget-theme-post-title .elementor-heading-title{font-family:var( --e-global-typography-primary-font-family ), Sans-serif;font-weight:var( --e-global-typography-primary-font-weight );color:var( --e-global-color-primary );}.elementor-932 .elementor-element.elementor-element-3aa736d .elementor-heading-title{font-family:\"Roboto\", Sans-serif;font-size:24px;font-weight:600;}.elementor-932 .elementor-element.elementor-element-3aa736d .elementor-heading-title a:hover, .elementor-932 .elementor-element.elementor-element-3aa736d .elementor-heading-title a:focus{color:#222222;}<\/style>\t\t<div data-elementor-type=\"loop-item\" data-elementor-id=\"932\" class=\"elementor elementor-932 e-loop-item e-loop-item-980 post-980 post type-post status-publish format-standard has-post-thumbnail hentry category-sem-categoria\" data-elementor-post-type=\"elementor_library\" data-custom-edit-handle=\"1\">\n\t\t\t<div class=\"elementor-element elementor-element-03a7559 e-flex e-con-boxed e-con e-parent\" data-id=\"03a7559\" data-element_type=\"container\">\n\t\t\t\t\t<div class=\"e-con-inner\">\n\t\t\t\t<div class=\"elementor-element elementor-element-518cfdd elementor-widget elementor-widget-theme-post-featured-image elementor-widget-image\" data-id=\"518cfdd\" data-element_type=\"widget\" data-widget_type=\"theme-post-featured-image.default\">\n\t\t\t\t<div class=\"elementor-widget-container\">\n\t\t\t\t\t\t\t\t\t\t\t\t\t\t\t\t<a href=\"https:\/\/artiksolution.com.br\/index.php\/2025\/06\/21\/como-as-solucoes-de-refrigeracao-comercial-elevam-a-experiencia-do-seu-cliente-e-potencializam-vendas\/\">\n\t\t\t\t\t\t\t<img fetchpriority=\"high\" decoding=\"async\" width=\"800\" height=\"538\" src=\"https:\/\/artiksolution.com.br\/wp-content\/uploads\/2025\/02\/REFRIGERADOR-HORIZONTAL-3-PORTAS--1024x689.png\" class=\"elementor-animation-float attachment-large size-large wp-image-613\" alt=\"\" srcset=\"https:\/\/artiksolution.com.br\/wp-content\/uploads\/2025\/02\/REFRIGERADOR-HORIZONTAL-3-PORTAS--1024x689.png 1024w, https:\/\/artiksolution.com.br\/wp-content\/uploads\/2025\/02\/REFRIGERADOR-HORIZONTAL-3-PORTAS--300x202.png 300w, https:\/\/artiksolution.com.br\/wp-content\/uploads\/2025\/02\/REFRIGERADOR-HORIZONTAL-3-PORTAS--768x517.png 768w, https:\/\/artiksolution.com.br\/wp-content\/uploads\/2025\/02\/REFRIGERADOR-HORIZONTAL-3-PORTAS-.png 1280w\" sizes=\"(max-width: 800px) 100vw, 800px\" \/>\t\t\t\t\t\t\t\t<\/a>\n\t\t\t\t\t\t\t\t\t\t\t\t\t\t\t<\/div>\n\t\t\t\t<\/div>\n\t\t\t\t<div class=\"elementor-element elementor-element-3aa736d elementor-widget elementor-widget-theme-post-title elementor-page-title elementor-widget-heading\" data-id=\"3aa736d\" data-element_type=\"widget\" data-widget_type=\"theme-post-title.default\">\n\t\t\t\t<div class=\"elementor-widget-container\">\n\t\t\t\t\t<h1 class=\"elementor-heading-title elementor-size-default\"><a href=\"https:\/\/artiksolution.com.br\/index.php\/2025\/06\/21\/como-as-solucoes-de-refrigeracao-comercial-elevam-a-experiencia-do-seu-cliente-e-potencializam-vendas\/\">Como as Solu\u00e7\u00f5es de Refrigera\u00e7\u00e3o Comercial Elevam a Experi\u00eancia do seu Cliente e Potencializam Vendas<\/a><\/h1>\t\t\t\t<\/div>\n\t\t\t\t<\/div>\n\t\t\t\t\t<\/div>\n\t\t\t\t<\/div>\n\t\t\t\t<\/div>\n\t\t\t\t<div data-elementor-type=\"loop-item\" data-elementor-id=\"932\" class=\"elementor elementor-932 e-loop-item e-loop-item-971 post-971 post type-post status-publish format-standard has-post-thumbnail hentry category-sem-categoria\" data-elementor-post-type=\"elementor_library\" data-custom-edit-handle=\"1\">\n\t\t\t<div class=\"elementor-element elementor-element-03a7559 e-flex e-con-boxed e-con e-parent\" data-id=\"03a7559\" data-element_type=\"container\">\n\t\t\t\t\t<div class=\"e-con-inner\">\n\t\t\t\t<div class=\"elementor-element elementor-element-518cfdd elementor-widget elementor-widget-theme-post-featured-image elementor-widget-image\" data-id=\"518cfdd\" data-element_type=\"widget\" data-widget_type=\"theme-post-featured-image.default\">\n\t\t\t\t<div class=\"elementor-widget-container\">\n\t\t\t\t\t\t\t\t\t\t\t\t\t\t\t\t<a href=\"https:\/\/artiksolution.com.br\/index.php\/2025\/05\/24\/%f0%9f%a7%8a-5-segredos-de-bares-de-sucesso-o-que-ninguem-te-conta-sobre-a-cozinha-industrial\/\">\n\t\t\t\t\t\t\t<img decoding=\"async\" width=\"800\" height=\"451\" src=\"https:\/\/artiksolution.com.br\/wp-content\/uploads\/2025\/05\/468432335_18351103516124363_1936090395405898579_n-Photoroom-1024x577.png\" class=\"elementor-animation-float attachment-large size-large wp-image-972\" alt=\"\" srcset=\"https:\/\/artiksolution.com.br\/wp-content\/uploads\/2025\/05\/468432335_18351103516124363_1936090395405898579_n-Photoroom-1024x577.png 1024w, https:\/\/artiksolution.com.br\/wp-content\/uploads\/2025\/05\/468432335_18351103516124363_1936090395405898579_n-Photoroom-300x169.png 300w, https:\/\/artiksolution.com.br\/wp-content\/uploads\/2025\/05\/468432335_18351103516124363_1936090395405898579_n-Photoroom-768x433.png 768w, https:\/\/artiksolution.com.br\/wp-content\/uploads\/2025\/05\/468432335_18351103516124363_1936090395405898579_n-Photoroom.png 1280w\" sizes=\"(max-width: 800px) 100vw, 800px\" \/>\t\t\t\t\t\t\t\t<\/a>\n\t\t\t\t\t\t\t\t\t\t\t\t\t\t\t<\/div>\n\t\t\t\t<\/div>\n\t\t\t\t<div class=\"elementor-element elementor-element-3aa736d elementor-widget elementor-widget-theme-post-title elementor-page-title elementor-widget-heading\" data-id=\"3aa736d\" data-element_type=\"widget\" data-widget_type=\"theme-post-title.default\">\n\t\t\t\t<div class=\"elementor-widget-container\">\n\t\t\t\t\t<h1 class=\"elementor-heading-title elementor-size-default\"><a href=\"https:\/\/artiksolution.com.br\/index.php\/2025\/05\/24\/%f0%9f%a7%8a-5-segredos-de-bares-de-sucesso-o-que-ninguem-te-conta-sobre-a-cozinha-industrial\/\">\ud83e\uddca 5 Segredos de Bares de Sucesso: O Que Ningu\u00e9m Te Conta Sobre a Cozinha Industrial<\/a><\/h1>\t\t\t\t<\/div>\n\t\t\t\t<\/div>\n\t\t\t\t\t<\/div>\n\t\t\t\t<\/div>\n\t\t\t\t<\/div>\n\t\t\t\t<div data-elementor-type=\"loop-item\" data-elementor-id=\"932\" class=\"elementor elementor-932 e-loop-item e-loop-item-967 post-967 post type-post status-publish format-standard has-post-thumbnail hentry category-sem-categoria\" data-elementor-post-type=\"elementor_library\" data-custom-edit-handle=\"1\">\n\t\t\t<div class=\"elementor-element elementor-element-03a7559 e-flex e-con-boxed e-con e-parent\" data-id=\"03a7559\" data-element_type=\"container\">\n\t\t\t\t\t<div class=\"e-con-inner\">\n\t\t\t\t<div class=\"elementor-element elementor-element-518cfdd elementor-widget elementor-widget-theme-post-featured-image elementor-widget-image\" data-id=\"518cfdd\" data-element_type=\"widget\" data-widget_type=\"theme-post-featured-image.default\">\n\t\t\t\t<div class=\"elementor-widget-container\">\n\t\t\t\t\t\t\t\t\t\t\t\t\t\t\t\t<a href=\"https:\/\/artiksolution.com.br\/index.php\/2025\/05\/21\/como-montar-uma-cozinha-industrial-do-zero-guia-completo-para-empreendedores\/\">\n\t\t\t\t\t\t\t<img decoding=\"async\" width=\"612\" height=\"344\" src=\"https:\/\/artiksolution.com.br\/wp-content\/uploads\/2025\/02\/istockphoto-1487845819-612x612-1.jpg\" class=\"elementor-animation-float attachment-large size-large wp-image-824\" alt=\"\" srcset=\"https:\/\/artiksolution.com.br\/wp-content\/uploads\/2025\/02\/istockphoto-1487845819-612x612-1.jpg 612w, https:\/\/artiksolution.com.br\/wp-content\/uploads\/2025\/02\/istockphoto-1487845819-612x612-1-300x169.jpg 300w\" sizes=\"(max-width: 612px) 100vw, 612px\" \/>\t\t\t\t\t\t\t\t<\/a>\n\t\t\t\t\t\t\t\t\t\t\t\t\t\t\t<\/div>\n\t\t\t\t<\/div>\n\t\t\t\t<div class=\"elementor-element elementor-element-3aa736d elementor-widget elementor-widget-theme-post-title elementor-page-title elementor-widget-heading\" data-id=\"3aa736d\" data-element_type=\"widget\" data-widget_type=\"theme-post-title.default\">\n\t\t\t\t<div class=\"elementor-widget-container\">\n\t\t\t\t\t<h1 class=\"elementor-heading-title elementor-size-default\"><a href=\"https:\/\/artiksolution.com.br\/index.php\/2025\/05\/21\/como-montar-uma-cozinha-industrial-do-zero-guia-completo-para-empreendedores\/\">Como montar uma cozinha industrial do zero: Guia completo para empreendedores<\/a><\/h1>\t\t\t\t<\/div>\n\t\t\t\t<\/div>\n\t\t\t\t\t<\/div>\n\t\t\t\t<\/div>\n\t\t\t\t<\/div>\n\t\t\t\t<div data-elementor-type=\"loop-item\" data-elementor-id=\"932\" class=\"elementor elementor-932 e-loop-item e-loop-item-960 post-960 post type-post status-publish format-standard has-post-thumbnail hentry category-sem-categoria\" data-elementor-post-type=\"elementor_library\" data-custom-edit-handle=\"1\">\n\t\t\t<div class=\"elementor-element elementor-element-03a7559 e-flex e-con-boxed e-con e-parent\" data-id=\"03a7559\" data-element_type=\"container\">\n\t\t\t\t\t<div class=\"e-con-inner\">\n\t\t\t\t<div class=\"elementor-element elementor-element-518cfdd elementor-widget elementor-widget-theme-post-featured-image elementor-widget-image\" data-id=\"518cfdd\" data-element_type=\"widget\" data-widget_type=\"theme-post-featured-image.default\">\n\t\t\t\t<div class=\"elementor-widget-container\">\n\t\t\t\t\t\t\t\t\t\t\t\t\t\t\t\t<a href=\"https:\/\/artiksolution.com.br\/index.php\/2025\/05\/06\/ultracongelador-de-canecas\/\">\n\t\t\t\t\t\t\t<img loading=\"lazy\" decoding=\"async\" width=\"480\" height=\"469\" src=\"https:\/\/artiksolution.com.br\/wp-content\/uploads\/2025\/05\/WhatsApp-Image-2025-05-04-at-13.35.29.jpeg\" class=\"elementor-animation-float attachment-large size-large wp-image-961\" alt=\"\" srcset=\"https:\/\/artiksolution.com.br\/wp-content\/uploads\/2025\/05\/WhatsApp-Image-2025-05-04-at-13.35.29.jpeg 480w, https:\/\/artiksolution.com.br\/wp-content\/uploads\/2025\/05\/WhatsApp-Image-2025-05-04-at-13.35.29-300x293.jpeg 300w\" sizes=\"(max-width: 480px) 100vw, 480px\" \/>\t\t\t\t\t\t\t\t<\/a>\n\t\t\t\t\t\t\t\t\t\t\t\t\t\t\t<\/div>\n\t\t\t\t<\/div>\n\t\t\t\t<div class=\"elementor-element elementor-element-3aa736d elementor-widget elementor-widget-theme-post-title elementor-page-title elementor-widget-heading\" data-id=\"3aa736d\" data-element_type=\"widget\" data-widget_type=\"theme-post-title.default\">\n\t\t\t\t<div class=\"elementor-widget-container\">\n\t\t\t\t\t<h1 class=\"elementor-heading-title elementor-size-default\"><a href=\"https:\/\/artiksolution.com.br\/index.php\/2025\/05\/06\/ultracongelador-de-canecas\/\">Ultracongelador de Canecas<\/a><\/h1>\t\t\t\t<\/div>\n\t\t\t\t<\/div>\n\t\t\t\t\t<\/div>\n\t\t\t\t<\/div>\n\t\t\t\t<\/div>\n\t\t\t\t<div data-elementor-type=\"loop-item\" data-elementor-id=\"932\" class=\"elementor elementor-932 e-loop-item e-loop-item-952 post-952 post type-post status-publish format-standard has-post-thumbnail hentry category-sem-categoria\" data-elementor-post-type=\"elementor_library\" data-custom-edit-handle=\"1\">\n\t\t\t<div class=\"elementor-element elementor-element-03a7559 e-flex e-con-boxed e-con e-parent\" data-id=\"03a7559\" data-element_type=\"container\">\n\t\t\t\t\t<div class=\"e-con-inner\">\n\t\t\t\t<div class=\"elementor-element elementor-element-518cfdd elementor-widget elementor-widget-theme-post-featured-image elementor-widget-image\" data-id=\"518cfdd\" data-element_type=\"widget\" data-widget_type=\"theme-post-featured-image.default\">\n\t\t\t\t<div class=\"elementor-widget-container\">\n\t\t\t\t\t\t\t\t\t\t\t\t\t\t\t\t<a href=\"https:\/\/artiksolution.com.br\/index.php\/2025\/04\/03\/otimizando-o-espaco-da-sua-cozinha-industrial-solucoes-inteligentes-para-melhorar-a-produtividade\/\">\n\t\t\t\t\t\t\t<img loading=\"lazy\" decoding=\"async\" width=\"800\" height=\"534\" src=\"https:\/\/artiksolution.com.br\/wp-content\/uploads\/2025\/04\/3-1024x683.png\" class=\"elementor-animation-float attachment-large size-large wp-image-953\" alt=\"\" srcset=\"https:\/\/artiksolution.com.br\/wp-content\/uploads\/2025\/04\/3-1024x683.png 1024w, https:\/\/artiksolution.com.br\/wp-content\/uploads\/2025\/04\/3-300x200.png 300w, https:\/\/artiksolution.com.br\/wp-content\/uploads\/2025\/04\/3-768x512.png 768w, https:\/\/artiksolution.com.br\/wp-content\/uploads\/2025\/04\/3-1536x1024.png 1536w, https:\/\/artiksolution.com.br\/wp-content\/uploads\/2025\/04\/3-2048x1366.png 2048w\" sizes=\"(max-width: 800px) 100vw, 800px\" \/>\t\t\t\t\t\t\t\t<\/a>\n\t\t\t\t\t\t\t\t\t\t\t\t\t\t\t<\/div>\n\t\t\t\t<\/div>\n\t\t\t\t<div class=\"elementor-element elementor-element-3aa736d elementor-widget elementor-widget-theme-post-title elementor-page-title elementor-widget-heading\" data-id=\"3aa736d\" data-element_type=\"widget\" data-widget_type=\"theme-post-title.default\">\n\t\t\t\t<div class=\"elementor-widget-container\">\n\t\t\t\t\t<h1 class=\"elementor-heading-title elementor-size-default\"><a href=\"https:\/\/artiksolution.com.br\/index.php\/2025\/04\/03\/otimizando-o-espaco-da-sua-cozinha-industrial-solucoes-inteligentes-para-melhorar-a-produtividade\/\">Otimizando o Espa\u00e7o da Sua Cozinha Industrial: Solu\u00e7\u00f5es Inteligentes para Melhorar a Produtividade<\/a><\/h1>\t\t\t\t<\/div>\n\t\t\t\t<\/div>\n\t\t\t\t\t<\/div>\n\t\t\t\t<\/div>\n\t\t\t\t<\/div>\n\t\t\t\t<div data-elementor-type=\"loop-item\" data-elementor-id=\"932\" class=\"elementor elementor-932 e-loop-item e-loop-item-949 post-949 post type-post status-publish format-standard has-post-thumbnail hentry category-sem-categoria\" data-elementor-post-type=\"elementor_library\" data-custom-edit-handle=\"1\">\n\t\t\t<div class=\"elementor-element elementor-element-03a7559 e-flex e-con-boxed e-con e-parent\" data-id=\"03a7559\" data-element_type=\"container\">\n\t\t\t\t\t<div class=\"e-con-inner\">\n\t\t\t\t<div class=\"elementor-element elementor-element-518cfdd elementor-widget elementor-widget-theme-post-featured-image elementor-widget-image\" data-id=\"518cfdd\" data-element_type=\"widget\" data-widget_type=\"theme-post-featured-image.default\">\n\t\t\t\t<div class=\"elementor-widget-container\">\n\t\t\t\t\t\t\t\t\t\t\t\t\t\t\t\t<a href=\"https:\/\/artiksolution.com.br\/index.php\/2025\/04\/03\/como-escolher-os-equipamentos-certos-para-a-sua-cozinha-industrial\/\">\n\t\t\t\t\t\t\t<img loading=\"lazy\" decoding=\"async\" width=\"800\" height=\"534\" src=\"https:\/\/artiksolution.com.br\/wp-content\/uploads\/2025\/04\/2-1024x683.png\" class=\"elementor-animation-float attachment-large size-large wp-image-950\" alt=\"\" srcset=\"https:\/\/artiksolution.com.br\/wp-content\/uploads\/2025\/04\/2-1024x683.png 1024w, https:\/\/artiksolution.com.br\/wp-content\/uploads\/2025\/04\/2-300x200.png 300w, https:\/\/artiksolution.com.br\/wp-content\/uploads\/2025\/04\/2-768x512.png 768w, https:\/\/artiksolution.com.br\/wp-content\/uploads\/2025\/04\/2-1536x1024.png 1536w, https:\/\/artiksolution.com.br\/wp-content\/uploads\/2025\/04\/2-2048x1366.png 2048w\" sizes=\"(max-width: 800px) 100vw, 800px\" \/>\t\t\t\t\t\t\t\t<\/a>\n\t\t\t\t\t\t\t\t\t\t\t\t\t\t\t<\/div>\n\t\t\t\t<\/div>\n\t\t\t\t<div class=\"elementor-element elementor-element-3aa736d elementor-widget elementor-widget-theme-post-title elementor-page-title elementor-widget-heading\" data-id=\"3aa736d\" data-element_type=\"widget\" data-widget_type=\"theme-post-title.default\">\n\t\t\t\t<div class=\"elementor-widget-container\">\n\t\t\t\t\t<h1 class=\"elementor-heading-title elementor-size-default\"><a href=\"https:\/\/artiksolution.com.br\/index.php\/2025\/04\/03\/como-escolher-os-equipamentos-certos-para-a-sua-cozinha-industrial\/\">Como Escolher os Equipamentos Certos para a Sua Cozinha Industrial<\/a><\/h1>\t\t\t\t<\/div>\n\t\t\t\t<\/div>\n\t\t\t\t\t<\/div>\n\t\t\t\t<\/div>\n\t\t\t\t<\/div>\n\t\t\t\t<\/div>\n\t\t\n\t\t\t\t\t\t<\/div>\n\t\t\t\t<\/div>\n\t\t\t\t\t<\/div>\n\t\t\t\t<\/div>\n\t\t\t\t<\/div>\n\t\t","protected":false},"excerpt":{"rendered":"","protected":false},"author":1,"featured_media":0,"parent":0,"menu_order":0,"comment_status":"closed","ping_status":"closed","template":"","meta":{"_acf_changed":false,"footnotes":""},"class_list":["post-56","page","type-page","status-publish","hentry"],"acf":[],"_links":{"self":[{"href":"https:\/\/artiksolution.com.br\/index.php\/wp-json\/wp\/v2\/pages\/56","targetHints":{"allow":["GET"]}}],"collection":[{"href":"https:\/\/artiksolution.com.br\/index.php\/wp-json\/wp\/v2\/pages"}],"about":[{"href":"https:\/\/artiksolution.com.br\/index.php\/wp-json\/wp\/v2\/types\/page"}],"author":[{"embeddable":true,"href":"https:\/\/artiksolution.com.br\/index.php\/wp-json\/wp\/v2\/users\/1"}],"replies":[{"embeddable":true,"href":"https:\/\/artiksolution.com.br\/index.php\/wp-json\/wp\/v2\/comments?post=56"}],"version-history":[{"count":10,"href":"https:\/\/artiksolution.com.br\/index.php\/wp-json\/wp\/v2\/pages\/56\/revisions"}],"predecessor-version":[{"id":945,"href":"https:\/\/artiksolution.com.br\/index.php\/wp-json\/wp\/v2\/pages\/56\/revisions\/945"}],"wp:attachment":[{"href":"https:\/\/artiksolution.com.br\/index.php\/wp-json\/wp\/v2\/media?parent=56"}],"curies":[{"name":"wp","href":"https:\/\/api.w.org\/{rel}","templated":true}]}}