{"id":35,"date":"2024-06-16T18:12:28","date_gmt":"2024-06-16T21:12:28","guid":{"rendered":"https:\/\/artiksolution.com.br\/?page_id=35"},"modified":"2025-02-22T17:21:24","modified_gmt":"2025-02-22T20:21:24","slug":"sobre-nos","status":"publish","type":"page","link":"https:\/\/artiksolution.com.br\/index.php\/sobre-nos\/","title":{"rendered":"Sobre n\u00f3s"},"content":{"rendered":"\t\t<div data-elementor-type=\"wp-page\" data-elementor-id=\"35\" class=\"elementor elementor-35\" data-elementor-post-type=\"page\">\n\t\t\t\t<div class=\"elementor-element elementor-element-e66aedb e-flex e-con-boxed e-con e-parent\" data-id=\"e66aedb\" data-element_type=\"container\">\n\t\t\t\t\t<div class=\"e-con-inner\">\n\t\t\t\t<div class=\"elementor-element elementor-element-0367b10 elementor-widget elementor-widget-heading\" data-id=\"0367b10\" data-element_type=\"widget\" data-widget_type=\"heading.default\">\n\t\t\t\t<div class=\"elementor-widget-container\">\n\t\t\t\t\t<h2 class=\"elementor-heading-title elementor-size-default\">SOBRE N\u00d3S<\/h2>\t\t\t\t<\/div>\n\t\t\t\t<\/div>\n\t\t<div class=\"elementor-element elementor-element-409d15f e-con-full e-flex e-con e-child\" data-id=\"409d15f\" data-element_type=\"container\">\n\t\t<div class=\"elementor-element elementor-element-a61d7a7 e-con-full e-flex e-con e-child\" data-id=\"a61d7a7\" data-element_type=\"container\">\n\t\t\t\t<div class=\"elementor-element elementor-element-6d58b9a elementor-widget elementor-widget-image\" data-id=\"6d58b9a\" data-element_type=\"widget\" data-widget_type=\"image.default\">\n\t\t\t\t<div class=\"elementor-widget-container\">\n\t\t\t\t\t\t\t\t\t\t\t\t\t\t\t<img fetchpriority=\"high\" decoding=\"async\" width=\"612\" height=\"344\" src=\"https:\/\/artiksolution.com.br\/wp-content\/uploads\/2025\/02\/istockphoto-1487845819-612x612-1.jpg\" class=\"attachment-large size-large wp-image-824\" alt=\"\" srcset=\"https:\/\/artiksolution.com.br\/wp-content\/uploads\/2025\/02\/istockphoto-1487845819-612x612-1.jpg 612w, https:\/\/artiksolution.com.br\/wp-content\/uploads\/2025\/02\/istockphoto-1487845819-612x612-1-300x169.jpg 300w\" sizes=\"(max-width: 612px) 100vw, 612px\" \/>\t\t\t\t\t\t\t\t\t\t\t\t\t\t\t<\/div>\n\t\t\t\t<\/div>\n\t\t\t\t<\/div>\n\t\t<div class=\"elementor-element elementor-element-8e2d4ab e-con-full e-flex e-con e-child\" data-id=\"8e2d4ab\" data-element_type=\"container\">\n\t\t\t\t<div class=\"elementor-element elementor-element-4328255 elementor-widget elementor-widget-text-editor\" data-id=\"4328255\" data-element_type=\"widget\" data-widget_type=\"text-editor.default\">\n\t\t\t\t<div class=\"elementor-widget-container\">\n\t\t\t\t\t\t\t\t\t<p>Na <strong>Artik Solution<\/strong>, nossa miss\u00e3o \u00e9 fornecer solu\u00e7\u00f5es industriais de alto desempenho para empresas que buscam efici\u00eancia, qualidade e inova\u00e7\u00e3o. Somos especialistas em equipamentos para o setor gastron\u00f4mico, oferecendo uma linha completa de produtos como fritadeiras, aquecedores, chapas broiler, conservadores de frituras, m\u00f3dulos drink, refrigeradores, freezers, entre outros.<\/p><p>Com anos de experi\u00eancia no mercado B2B, entendemos as necessidades espec\u00edficas de cada neg\u00f3cio e trabalhamos para entregar equipamentos que garantam alto rendimento, durabilidade e praticidade. Nosso compromisso vai al\u00e9m da venda: buscamos construir parcerias de longo prazo, oferecendo suporte t\u00e9cnico, atendimento personalizado e solu\u00e7\u00f5es que impulsionam o crescimento dos nossos clientes.<\/p>\t\t\t\t\t\t\t\t<\/div>\n\t\t\t\t<\/div>\n\t\t\t\t<\/div>\n\t\t\t\t<\/div>\n\t\t\t\t\t<\/div>\n\t\t\t\t<\/div>\n\t\t<div class=\"elementor-element elementor-element-2f01105 e-flex e-con-boxed e-con e-parent\" data-id=\"2f01105\" data-element_type=\"container\">\n\t\t\t\t\t<div class=\"e-con-inner\">\n\t\t\t\t<div class=\"elementor-element elementor-element-48be903 elementor-widget elementor-widget-text-editor\" data-id=\"48be903\" data-element_type=\"widget\" data-widget_type=\"text-editor.default\">\n\t\t\t\t<div class=\"elementor-widget-container\">\n\t\t\t\t\t\t\t\t\t<p>Na <strong>Artik Solution<\/strong>, acreditamos que cada detalhe faz a diferen\u00e7a. Seja para restaurantes, bares, padarias ou grandes cozinhas industriais, estamos aqui para oferecer os melhores produtos e ajudar o seu neg\u00f3cio a alcan\u00e7ar um novo n\u00edvel de excel\u00eancia.<\/p><p><strong>Artik Solution \u2013 Tecnologia e efici\u00eancia para o seu neg\u00f3cio prosperar!<\/strong><\/p>\t\t\t\t\t\t\t\t<\/div>\n\t\t\t\t<\/div>\n\t\t\t\t\t<\/div>\n\t\t\t\t<\/div>\n\t\t\t\t<\/div>\n\t\t","protected":false},"excerpt":{"rendered":"<p>SOBRE N\u00d3S Na Artik Solution, nossa miss\u00e3o \u00e9 fornecer solu\u00e7\u00f5es industriais de alto desempenho para empresas que buscam efici\u00eancia, qualidade e inova\u00e7\u00e3o. Somos especialistas em equipamentos para o setor gastron\u00f4mico, oferecendo uma linha completa de produtos como fritadeiras, aquecedores, chapas broiler, conservadores de frituras, m\u00f3dulos drink, refrigeradores, freezers, entre outros. Com anos de experi\u00eancia no [&hellip;]<\/p>\n","protected":false},"author":1,"featured_media":0,"parent":0,"menu_order":0,"comment_status":"closed","ping_status":"closed","template":"","meta":{"_acf_changed":false,"footnotes":""},"class_list":["post-35","page","type-page","status-publish","hentry"],"acf":[],"_links":{"self":[{"href":"https:\/\/artiksolution.com.br\/index.php\/wp-json\/wp\/v2\/pages\/35","targetHints":{"allow":["GET"]}}],"collection":[{"href":"https:\/\/artiksolution.com.br\/index.php\/wp-json\/wp\/v2\/pages"}],"about":[{"href":"https:\/\/artiksolution.com.br\/index.php\/wp-json\/wp\/v2\/types\/page"}],"author":[{"embeddable":true,"href":"https:\/\/artiksolution.com.br\/index.php\/wp-json\/wp\/v2\/users\/1"}],"replies":[{"embeddable":true,"href":"https:\/\/artiksolution.com.br\/index.php\/wp-json\/wp\/v2\/comments?post=35"}],"version-history":[{"count":7,"href":"https:\/\/artiksolution.com.br\/index.php\/wp-json\/wp\/v2\/pages\/35\/revisions"}],"predecessor-version":[{"id":831,"href":"https:\/\/artiksolution.com.br\/index.php\/wp-json\/wp\/v2\/pages\/35\/revisions\/831"}],"wp:attachment":[{"href":"https:\/\/artiksolution.com.br\/index.php\/wp-json\/wp\/v2\/media?parent=35"}],"curies":[{"name":"wp","href":"https:\/\/api.w.org\/{rel}","templated":true}]}}