{"id":33,"date":"2024-06-16T18:12:14","date_gmt":"2024-06-16T21:12:14","guid":{"rendered":"https:\/\/artiksolution.com.br\/?page_id=33"},"modified":"2025-03-22T14:27:11","modified_gmt":"2025-03-22T17:27:11","slug":"home","status":"publish","type":"page","link":"https:\/\/artiksolution.com.br\/","title":{"rendered":"Home"},"content":{"rendered":"\t\t<div data-elementor-type=\"wp-page\" data-elementor-id=\"33\" class=\"elementor elementor-33\" data-elementor-post-type=\"page\">\n\t\t\t\t<div class=\"elementor-element elementor-element-fe63868 e-flex e-con-boxed e-con e-parent\" data-id=\"fe63868\" data-element_type=\"container\" data-settings=\"{&quot;background_background&quot;:&quot;classic&quot;}\">\n\t\t\t\t\t<div class=\"e-con-inner\">\n\t\t\t\t<div class=\"elementor-element elementor-element-964bb03 elementor-widget elementor-widget-image\" data-id=\"964bb03\" data-element_type=\"widget\" data-widget_type=\"image.default\">\n\t\t\t\t<div class=\"elementor-widget-container\">\n\t\t\t\t\t\t\t\t\t\t\t\t\t\t\t<img fetchpriority=\"high\" decoding=\"async\" width=\"1782\" height=\"708\" src=\"https:\/\/artiksolution.com.br\/wp-content\/uploads\/2025\/03\/Banner-Pagina-Inicial-Artik-Solution.webp\" class=\"attachment-full size-full wp-image-883\" alt=\"\" srcset=\"https:\/\/artiksolution.com.br\/wp-content\/uploads\/2025\/03\/Banner-Pagina-Inicial-Artik-Solution.webp 1782w, https:\/\/artiksolution.com.br\/wp-content\/uploads\/2025\/03\/Banner-Pagina-Inicial-Artik-Solution-300x119.webp 300w, https:\/\/artiksolution.com.br\/wp-content\/uploads\/2025\/03\/Banner-Pagina-Inicial-Artik-Solution-1024x407.webp 1024w, https:\/\/artiksolution.com.br\/wp-content\/uploads\/2025\/03\/Banner-Pagina-Inicial-Artik-Solution-768x305.webp 768w, https:\/\/artiksolution.com.br\/wp-content\/uploads\/2025\/03\/Banner-Pagina-Inicial-Artik-Solution-1536x610.webp 1536w\" sizes=\"(max-width: 1782px) 100vw, 1782px\" \/>\t\t\t\t\t\t\t\t\t\t\t\t\t\t\t<\/div>\n\t\t\t\t<\/div>\n\t\t\t\t<div class=\"elementor-element elementor-element-9e57290 elementor-arrows-position-outside elementor-widget elementor-widget-image-carousel\" data-id=\"9e57290\" data-element_type=\"widget\" id=\"carrossel-produtos\" data-settings=\"{&quot;slides_to_show&quot;:&quot;5&quot;,&quot;slides_to_scroll&quot;:&quot;1&quot;,&quot;navigation&quot;:&quot;arrows&quot;,&quot;lazyload&quot;:&quot;yes&quot;,&quot;image_spacing_custom&quot;:{&quot;unit&quot;:&quot;px&quot;,&quot;size&quot;:25,&quot;sizes&quot;:[]},&quot;autoplay&quot;:&quot;yes&quot;,&quot;pause_on_hover&quot;:&quot;yes&quot;,&quot;pause_on_interaction&quot;:&quot;yes&quot;,&quot;autoplay_speed&quot;:5000,&quot;infinite&quot;:&quot;yes&quot;,&quot;speed&quot;:500,&quot;image_spacing_custom_tablet&quot;:{&quot;unit&quot;:&quot;px&quot;,&quot;size&quot;:&quot;&quot;,&quot;sizes&quot;:[]},&quot;image_spacing_custom_mobile&quot;:{&quot;unit&quot;:&quot;px&quot;,&quot;size&quot;:&quot;&quot;,&quot;sizes&quot;:[]}}\" data-widget_type=\"image-carousel.default\">\n\t\t\t\t<div class=\"elementor-widget-container\">\n\t\t\t\t\t\t\t<div class=\"elementor-image-carousel-wrapper swiper\" role=\"region\" aria-roledescription=\"carousel\" aria-label=\"Carrossel de imagens\" dir=\"ltr\">\n\t\t\t<div class=\"elementor-image-carousel swiper-wrapper\" aria-live=\"off\">\n\t\t\t\t\t\t\t\t<div class=\"swiper-slide\" role=\"group\" aria-roledescription=\"slide\" aria-label=\"1 de 9\"><figure class=\"swiper-slide-inner\"><img class=\"swiper-slide-image swiper-lazy\" data-src=\"https:\/\/artiksolution.com.br\/wp-content\/uploads\/2025\/02\/CATEGORIA-LINHA-700.png\" alt=\"Linha 700\" \/><div class=\"swiper-lazy-preloader\"><\/div><figcaption class=\"elementor-image-carousel-caption\">Linha 700<\/figcaption><\/figure><\/div><div class=\"swiper-slide\" role=\"group\" aria-roledescription=\"slide\" aria-label=\"2 de 9\"><figure class=\"swiper-slide-inner\"><img class=\"swiper-slide-image swiper-lazy\" data-src=\"https:\/\/artiksolution.com.br\/wp-content\/uploads\/2025\/02\/CATEGORIA-LINHA-900.png\" alt=\"Linha 900\" \/><div class=\"swiper-lazy-preloader\"><\/div><figcaption class=\"elementor-image-carousel-caption\">Linha 900<\/figcaption><\/figure><\/div><div class=\"swiper-slide\" role=\"group\" aria-roledescription=\"slide\" aria-label=\"3 de 9\"><figure class=\"swiper-slide-inner\"><img class=\"swiper-slide-image swiper-lazy\" data-src=\"https:\/\/artiksolution.com.br\/wp-content\/uploads\/2025\/02\/CATEGORIA-LINHA-BAR.png\" alt=\"Linha Bar\" \/><div class=\"swiper-lazy-preloader\"><\/div><figcaption class=\"elementor-image-carousel-caption\">Linha Bar<\/figcaption><\/figure><\/div><div class=\"swiper-slide\" role=\"group\" aria-roledescription=\"slide\" aria-label=\"4 de 9\"><figure class=\"swiper-slide-inner\"><img class=\"swiper-slide-image swiper-lazy\" data-src=\"https:\/\/artiksolution.com.br\/wp-content\/uploads\/2025\/02\/CATEGORIA-MOBILIARIO.png\" alt=\"Linha Mobili\u00e1rio\" \/><div class=\"swiper-lazy-preloader\"><\/div><figcaption class=\"elementor-image-carousel-caption\">Linha Mobili\u00e1rio<\/figcaption><\/figure><\/div><div class=\"swiper-slide\" role=\"group\" aria-roledescription=\"slide\" aria-label=\"5 de 9\"><figure class=\"swiper-slide-inner\"><img class=\"swiper-slide-image swiper-lazy\" data-src=\"https:\/\/artiksolution.com.br\/wp-content\/uploads\/2025\/02\/CATEGORA-VITRINES.png\" alt=\"Linha Vitrines\" \/><div class=\"swiper-lazy-preloader\"><\/div><figcaption class=\"elementor-image-carousel-caption\">Linha Vitrines<\/figcaption><\/figure><\/div><div class=\"swiper-slide\" role=\"group\" aria-roledescription=\"slide\" aria-label=\"6 de 9\"><figure class=\"swiper-slide-inner\"><img class=\"swiper-slide-image swiper-lazy\" data-src=\"https:\/\/artiksolution.com.br\/wp-content\/uploads\/2025\/02\/CATEGORIA-DISTRIBUICAO.png\" alt=\"Linha Distribui\u00e7\u00e3o\" \/><div class=\"swiper-lazy-preloader\"><\/div><figcaption class=\"elementor-image-carousel-caption\">Linha Distribui\u00e7\u00e3o<\/figcaption><\/figure><\/div><div class=\"swiper-slide\" role=\"group\" aria-roledescription=\"slide\" aria-label=\"7 de 9\"><figure class=\"swiper-slide-inner\"><img class=\"swiper-slide-image swiper-lazy\" data-src=\"https:\/\/artiksolution.com.br\/wp-content\/uploads\/2025\/02\/CATEGORIA-LINHA-COMERCIAL.png\" alt=\"Linha Comercial\" \/><div class=\"swiper-lazy-preloader\"><\/div><figcaption class=\"elementor-image-carousel-caption\">Linha Comercial<\/figcaption><\/figure><\/div><div class=\"swiper-slide\" role=\"group\" aria-roledescription=\"slide\" aria-label=\"8 de 9\"><figure class=\"swiper-slide-inner\"><img class=\"swiper-slide-image swiper-lazy\" data-src=\"https:\/\/artiksolution.com.br\/wp-content\/uploads\/2025\/02\/CATEGORIA-LINHA-ULTRA-COMERCIAL.png\" alt=\"Linha Carin Comercial\" \/><div class=\"swiper-lazy-preloader\"><\/div><figcaption class=\"elementor-image-carousel-caption\">Linha Carin Comercial<\/figcaption><\/figure><\/div><div class=\"swiper-slide\" role=\"group\" aria-roledescription=\"slide\" aria-label=\"9 de 9\"><figure class=\"swiper-slide-inner\"><img class=\"swiper-slide-image swiper-lazy\" data-src=\"https:\/\/artiksolution.com.br\/wp-content\/uploads\/2025\/02\/CATEGORIA-LINHA-ULTRA-CONGELADOR-DE-CANECAS.png\" alt=\"Congelador de Canecas\" \/><div class=\"swiper-lazy-preloader\"><\/div><figcaption class=\"elementor-image-carousel-caption\">Congelador de Canecas<\/figcaption><\/figure><\/div>\t\t\t<\/div>\n\t\t\t\t\t\t\t\t\t\t\t\t<div class=\"elementor-swiper-button elementor-swiper-button-prev\" role=\"button\" tabindex=\"0\">\n\t\t\t\t\t\t<svg aria-hidden=\"true\" class=\"e-font-icon-svg e-eicon-chevron-left\" viewBox=\"0 0 1000 1000\" xmlns=\"http:\/\/www.w3.org\/2000\/svg\"><path d=\"M646 125C629 125 613 133 604 142L308 442C296 454 292 471 292 487 292 504 296 521 308 533L604 854C617 867 629 875 646 875 663 875 679 871 692 858 704 846 713 829 713 812 713 796 708 779 692 767L438 487 692 225C700 217 708 204 708 187 708 171 704 154 692 142 675 129 663 125 646 125Z\"><\/path><\/svg>\t\t\t\t\t<\/div>\n\t\t\t\t\t<div class=\"elementor-swiper-button elementor-swiper-button-next\" role=\"button\" tabindex=\"0\">\n\t\t\t\t\t\t<svg aria-hidden=\"true\" class=\"e-font-icon-svg e-eicon-chevron-right\" viewBox=\"0 0 1000 1000\" xmlns=\"http:\/\/www.w3.org\/2000\/svg\"><path d=\"M696 533C708 521 713 504 713 487 713 471 708 454 696 446L400 146C388 133 375 125 354 125 338 125 325 129 313 142 300 154 292 171 292 187 292 204 296 221 308 233L563 492 304 771C292 783 288 800 288 817 288 833 296 850 308 863 321 871 338 875 354 875 371 875 388 867 400 854L696 533Z\"><\/path><\/svg>\t\t\t\t\t<\/div>\n\t\t\t\t\n\t\t\t\t\t\t\t\t\t<\/div>\n\t\t\t\t\t\t<\/div>\n\t\t\t\t<\/div>\n\t\t\t\t<div class=\"elementor-element elementor-element-4339e55 elementor-widget elementor-widget-html\" data-id=\"4339e55\" data-element_type=\"widget\" data-widget_type=\"html.default\">\n\t\t\t\t<div class=\"elementor-widget-container\">\n\t\t\t\t\t<script>\r\ndocument.addEventListener(\"DOMContentLoaded\", function () {\r\n    let carrossel = document.querySelector(\"#carrossel-produtos\");\r\n\r\n    if (carrossel) {\r\n        let slides = carrossel.querySelectorAll(\".swiper-slide\");\r\n\r\n        let links = {\r\n            \"CATEGORIA - LINHA 700\": \"https:\/\/artiksolution.com.br\/index.php\/linha-700\/\",\r\n            \"CATEGORIA - LINHA 900\": \"https:\/\/artiksolution.com.br\/index.php\/linha-900\/\",\r\n            \"CATEGORIA - LINHA BAR\": \"https:\/\/artiksolution.com.br\/index.php\/linha-bar\",\r\n            \"CATEGORIA - LINHA ULTRA COMERCIAL\": \"https:\/\/artiksolution.com.br\/index.php\/linha-carin-comercial\/\",\r\n            \"CATEGORA - VITRINES\": \"https:\/\/artiksolution.com.br\/index.php\/vitrines\",\r\n            \"CATEGORIA - DISTRIBUI\u00c7\u00c3O\": \"https:\/\/artiksolution.com.br\/index.php\/distribuicao\",\r\n            \"CATEGORIA - MOBILI\u00c1RIO\": \"https:\/\/artiksolution.com.br\/index.php\/linha-mobiliario\/\",\r\n            \"CATEGORIA - LINHA ULTRA CONGELADOR DE CANECAS\": \"https:\/\/artiksolution.com.br\/index.php\/congelador-de-canecas\/\",\r\n            \"CATEGORIA - LINHA COMERCIAL\": \"https:\/\/artiksolution.com.br\/index.php\/linha-comercial\"\r\n        };\r\n\r\n        slides.forEach((slide) => {\r\n            let img = slide.querySelector(\"img\");\r\n\r\n            if (img && img.alt && links[img.alt]) {\r\n                let link = document.createElement(\"a\");\r\n                link.href = links[img.alt];\r\n                link.style.position = \"absolute\";\r\n                link.style.width = \"100%\";\r\n                link.style.height = \"100%\";\r\n                link.style.top = \"0\";\r\n                link.style.left = \"0\";\r\n                slide.style.position = \"relative\";\r\n                slide.appendChild(link);\r\n            }\r\n        });\r\n    }\r\n});\r\n<\/script>\r\n\t\t\t\t<\/div>\n\t\t\t\t<\/div>\n\t\t\t\t\t<\/div>\n\t\t\t\t<\/div>\n\t\t<div class=\"elementor-element elementor-element-386f855 e-flex e-con-boxed e-con e-parent\" data-id=\"386f855\" data-element_type=\"container\">\n\t\t\t\t\t<div class=\"e-con-inner\">\n\t\t\t\t\t<\/div>\n\t\t\t\t<\/div>\n\t\t\t\t<\/div>\n\t\t","protected":false},"excerpt":{"rendered":"<p>Linha 700 Linha 900 Linha Bar Linha Mobili\u00e1rio Linha Vitrines Linha Distribui\u00e7\u00e3o Linha Comercial Linha Carin Comercial Congelador de Canecas<\/p>\n","protected":false},"author":1,"featured_media":0,"parent":0,"menu_order":0,"comment_status":"closed","ping_status":"closed","template":"","meta":{"_acf_changed":false,"footnotes":""},"class_list":["post-33","page","type-page","status-publish","hentry"],"acf":[],"_links":{"self":[{"href":"https:\/\/artiksolution.com.br\/index.php\/wp-json\/wp\/v2\/pages\/33","targetHints":{"allow":["GET"]}}],"collection":[{"href":"https:\/\/artiksolution.com.br\/index.php\/wp-json\/wp\/v2\/pages"}],"about":[{"href":"https:\/\/artiksolution.com.br\/index.php\/wp-json\/wp\/v2\/types\/page"}],"author":[{"embeddable":true,"href":"https:\/\/artiksolution.com.br\/index.php\/wp-json\/wp\/v2\/users\/1"}],"replies":[{"embeddable":true,"href":"https:\/\/artiksolution.com.br\/index.php\/wp-json\/wp\/v2\/comments?post=33"}],"version-history":[{"count":76,"href":"https:\/\/artiksolution.com.br\/index.php\/wp-json\/wp\/v2\/pages\/33\/revisions"}],"predecessor-version":[{"id":904,"href":"https:\/\/artiksolution.com.br\/index.php\/wp-json\/wp\/v2\/pages\/33\/revisions\/904"}],"wp:attachment":[{"href":"https:\/\/artiksolution.com.br\/index.php\/wp-json\/wp\/v2\/media?parent=33"}],"curies":[{"name":"wp","href":"https:\/\/api.w.org\/{rel}","templated":true}]}}